{"id":346,"date":"2015-01-23T18:42:05","date_gmt":"2015-01-23T23:12:05","guid":{"rendered":"http:\/\/old.jimmyday.com.ve\/?page_id=346"},"modified":"2015-01-27T12:59:20","modified_gmt":"2015-01-27T17:29:20","slug":"bio","status":"publish","type":"page","link":"http:\/\/old.jimmyday.com.ve\/en\/bio\/","title":{"rendered":"Bio"},"content":{"rendered":"<p>[et_pb_section fullwidth=&#8221;on&#8221; specialty=&#8221;off&#8221; transparent_background=&#8221;off&#8221; background_color=&#8221;#91b285&#8243; inner_shadow=&#8221;off&#8221; parallax=&#8221;off&#8221; parallax_method=&#8221;off&#8221;][et_pb_fullwidth_header admin_label=&#8221;Fullwidth Header&#8221; title=&#8221;\u201c In order to become a painter it is essential to learn the fundamentals of picture-making&#8230;&#8230;. and to develop our own visual language\u201d&#8221; background_layout=&#8221;light&#8221; text_orientation=&#8221;left&#8221; module_class=&#8221;header-tit&#8221; \/][\/et_pb_section][et_pb_section][et_pb_row][et_pb_column type=&#8221;1_2&#8243;][et_pb_text admin_label=&#8221;Text&#8221; background_layout=&#8221;light&#8221; text_orientation=&#8221;left&#8221;]<\/p>\n<div>Jimmy Day&#8217;s works have been exhibited , both in solo and collective exhibitions in South America, Mexico, Spain and the United Kingdom. These include the Museum of Contemporary Art Francisco Narvaez in Margarita, Venezuela; the Yumares and Trazos Galleries in Caracas; the Murlender Atelier in Mexico city, and the Royal Drawing Society in London, where he received a Certificate of Distinction.<\/div>\n<div>Additionally, his recent works are in private collections in Germany, Italy, Canada, Chile, Spain, United states, France, South Korea, United Kingdom, Switzerland and Venezuela.<\/div>\n<div>Jimmy day was born in Bogota, Columbia, in 1939, of British parents, and has lived in Venezuela, Mexico, Spain, United Kingdom and Borneo. He holds a Master\u00b4s Degree from Cambridge university.<\/div>\n<p>[\/et_pb_text][\/et_pb_column][et_pb_column type=&#8221;1_2&#8243;][et_pb_image admin_label=&#8221;Image&#8221; src=&#8221;http:\/\/old.jimmyday.com.ve\/wp-content\/uploads\/2014\/12\/jimmy-bio.jpg&#8221; show_in_lightbox=&#8221;off&#8221; url_new_window=&#8221;off&#8221; animation=&#8221;left&#8221; sticky=&#8221;off&#8221; \/][\/et_pb_column][\/et_pb_row][\/et_pb_section]<\/p>\n","protected":false},"excerpt":{"rendered":"<p><div class=\"et_pb_section et_pb_section_0 et_section_regular\" >\n\t\t\t\t\n\t\t\t\t\n\t\t\t\t\n\t\t\t\t\n\t\t\t\t\n\t\t\t\t\n\t\t\t\t\n\t\t\t\t\n\t\t\t\t\n\t\t\t<\/div><div class=\"et_pb_row et_pb_row_0 et_pb_row_empty\">\n\t\t\t\t\n\t\t\t\t\n\t\t\t\t\n\t\t\t\t\n\t\t\t\t\n\t\t\t<\/div> Jimmy Day&#8217;s works have been exhibited , both in solo and collective exhibitions in South America, Mexico, Spain and the United Kingdom. These include the Museum of Contemporary Art Francisco Narvaez in Margarita, Venezuela; the Yumares and Trazos Galleries in Caracas; the Murlender Atelier in Mexico city, and the Royal Drawing Society in London, [&hellip;]<\/p>\n","protected":false},"author":4,"featured_media":0,"parent":0,"menu_order":0,"comment_status":"closed","ping_status":"open","template":"","meta":{"_et_pb_use_builder":"on","_et_pb_old_content":"<p>[et_pb_section fullwidth=\"on\" specialty=\"off\" transparent_background=\"off\" background_color=\"#91b285\" inner_shadow=\"off\" parallax=\"off\" parallax_method=\"off\"][et_pb_fullwidth_header admin_label=\"Fullwidth Header\" title=\"\u201cPara poder realizarse como pintor indefectiblemente hay que aprender el oficio... y desarrollar nuestro propio lenguaje pict\u00f3rico\u201d\" background_layout=\"light\" text_orientation=\"left\" module_class=\"header-tit\" \/][\/et_pb_section][et_pb_section][et_pb_row][et_pb_column type=\"1_2\"][et_pb_text admin_label=\"Text\" background_layout=\"light\" text_orientation=\"left\"]La obra de Jimmy Day ha sido expuesta en individuales y colectivas en Am\u00e9rica del Sur, M\u00e9xico y el Reino Unido incluyendo el Museo de Arte Contempor\u00e1neo \"Francisco Narv\u00e1ez\" en Margarita, Venezuela; Los Espacios de Arte Galer\u00eda Yumares y la Galer\u00eda Trazos en Caracas; el Atelier Murlender en Ciudad de M\u00e9xico; y la Real Sociedad de Dibujo en Londres, donde recibi\u00f3 certificado de distinci\u00f3n. Adicionalmente, sus obras recientes se encuentran en colecciones privadas en Alemania, Canad\u00e1, Chile, Espa\u00f1a, Estados Unidos, Francia, Corea del Sur, Reino Unido, Suiza y Venezuela. Jimmy Day naci\u00f3 en Bogot\u00e1, Colombia en 1939, de padres brit\u00e1nicos, y ha vivido en Venezuela, M\u00e9xico, Espa\u00f1a, Reino Unido y Borneo. Es egresado de la universidad de Cambridge en Inglaterra. Tiene profundos nexos con Venezuela, ha vivido los \u00faltimos 25 a\u00f1os en Margarita.[\/et_pb_text][\/et_pb_column][et_pb_column type=\"1_2\"][et_pb_image admin_label=\"Image\" src=\"http:\/\/old.jimmyday.com.ve\/wp-content\/uploads\/2014\/12\/jimmy-bio.jpg\" show_in_lightbox=\"off\" url_new_window=\"off\" animation=\"left\" sticky=\"off\" \/][\/et_pb_column][\/et_pb_row][\/et_pb_section]<\/p>","_et_gb_content_width":"","_monsterinsights_skip_tracking":false,"_monsterinsights_sitenote_active":false,"_monsterinsights_sitenote_note":"","_monsterinsights_sitenote_category":0},"yoast_head":"<title>Bio - Jimmy Day<\/title>\n<meta name=\"description\" content=\"Jimmy Day&#039;s work has been exhibited in solo and group in South America, Mexico and the United Kingdom...\" \/>\n<meta name=\"robots\" content=\"index, follow, max-snippet:-1, max-image-preview:large, max-video-preview:-1\" \/>\n<link rel=\"canonical\" href=\"http:\/\/old.jimmyday.com.ve\/en\/bio\/\" \/>\n<meta property=\"og:locale\" content=\"en_US\" \/>\n<meta property=\"og:type\" content=\"article\" \/>\n<meta property=\"og:title\" content=\"Bio - Jimmy Day\" \/>\n<meta property=\"og:description\" content=\"Jimmy Day&#039;s work has been exhibited in solo and group in South America, Mexico and the United Kingdom...\" \/>\n<meta property=\"og:url\" content=\"http:\/\/old.jimmyday.com.ve\/en\/bio\/\" \/>\n<meta property=\"og:site_name\" content=\"Jimmy Day\" \/>\n<meta property=\"article:publisher\" content=\"https:\/\/www.facebook.com\/pages\/Jimmy-Day\/236789334116\" \/>\n<meta property=\"article:modified_time\" content=\"2015-01-27T17:29:20+00:00\" \/>\n<meta name=\"twitter:label1\" content=\"Est. reading time\" \/>\n\t<meta name=\"twitter:data1\" content=\"1 minute\" \/>\n<script type=\"application\/ld+json\" class=\"yoast-schema-graph\">{\"@context\":\"https:\/\/schema.org\",\"@graph\":[{\"@type\":\"WebSite\",\"@id\":\"https:\/\/old.jimmyday.com.ve\/#website\",\"url\":\"https:\/\/old.jimmyday.com.ve\/\",\"name\":\"Jimmy Day\",\"description\":\"\",\"potentialAction\":[{\"@type\":\"SearchAction\",\"target\":{\"@type\":\"EntryPoint\",\"urlTemplate\":\"https:\/\/old.jimmyday.com.ve\/?s={search_term_string}\"},\"query-input\":\"required name=search_term_string\"}],\"inLanguage\":\"en-US\"},{\"@type\":\"WebPage\",\"@id\":\"http:\/\/old.jimmyday.com.ve\/en\/bio\/#webpage\",\"url\":\"http:\/\/old.jimmyday.com.ve\/en\/bio\/\",\"name\":\"Bio - Jimmy Day\",\"isPartOf\":{\"@id\":\"https:\/\/old.jimmyday.com.ve\/#website\"},\"datePublished\":\"2015-01-23T23:12:05+00:00\",\"dateModified\":\"2015-01-27T17:29:20+00:00\",\"description\":\"Jimmy Day's work has been exhibited in solo and group in South America, Mexico and the United Kingdom...\",\"breadcrumb\":{\"@id\":\"http:\/\/old.jimmyday.com.ve\/en\/bio\/#breadcrumb\"},\"inLanguage\":\"en-US\",\"potentialAction\":[{\"@type\":\"ReadAction\",\"target\":[\"http:\/\/old.jimmyday.com.ve\/en\/bio\/\"]}]},{\"@type\":\"BreadcrumbList\",\"@id\":\"http:\/\/old.jimmyday.com.ve\/en\/bio\/#breadcrumb\",\"itemListElement\":[{\"@type\":\"ListItem\",\"position\":1,\"name\":\"Portada\",\"item\":\"http:\/\/old.jimmyday.com.ve\/en\/\"},{\"@type\":\"ListItem\",\"position\":2,\"name\":\"Bio\"}]}]}<\/script>","yoast_head_json":{"title":"Bio - Jimmy Day","description":"Jimmy Day's work has been exhibited in solo and group in South America, Mexico and the United Kingdom...","robots":{"index":"index","follow":"follow","max-snippet":"max-snippet:-1","max-image-preview":"max-image-preview:large","max-video-preview":"max-video-preview:-1"},"canonical":"http:\/\/old.jimmyday.com.ve\/en\/bio\/","og_locale":"en_US","og_type":"article","og_title":"Bio - Jimmy Day","og_description":"Jimmy Day's work has been exhibited in solo and group in South America, Mexico and the United Kingdom...","og_url":"http:\/\/old.jimmyday.com.ve\/en\/bio\/","og_site_name":"Jimmy Day","article_publisher":"https:\/\/www.facebook.com\/pages\/Jimmy-Day\/236789334116","article_modified_time":"2015-01-27T17:29:20+00:00","twitter_misc":{"Est. reading time":"1 minute"},"schema":{"@context":"https:\/\/schema.org","@graph":[{"@type":"WebSite","@id":"https:\/\/old.jimmyday.com.ve\/#website","url":"https:\/\/old.jimmyday.com.ve\/","name":"Jimmy Day","description":"","potentialAction":[{"@type":"SearchAction","target":{"@type":"EntryPoint","urlTemplate":"https:\/\/old.jimmyday.com.ve\/?s={search_term_string}"},"query-input":"required name=search_term_string"}],"inLanguage":"en-US"},{"@type":"WebPage","@id":"http:\/\/old.jimmyday.com.ve\/en\/bio\/#webpage","url":"http:\/\/old.jimmyday.com.ve\/en\/bio\/","name":"Bio - Jimmy Day","isPartOf":{"@id":"https:\/\/old.jimmyday.com.ve\/#website"},"datePublished":"2015-01-23T23:12:05+00:00","dateModified":"2015-01-27T17:29:20+00:00","description":"Jimmy Day's work has been exhibited in solo and group in South America, Mexico and the United Kingdom...","breadcrumb":{"@id":"http:\/\/old.jimmyday.com.ve\/en\/bio\/#breadcrumb"},"inLanguage":"en-US","potentialAction":[{"@type":"ReadAction","target":["http:\/\/old.jimmyday.com.ve\/en\/bio\/"]}]},{"@type":"BreadcrumbList","@id":"http:\/\/old.jimmyday.com.ve\/en\/bio\/#breadcrumb","itemListElement":[{"@type":"ListItem","position":1,"name":"Portada","item":"http:\/\/old.jimmyday.com.ve\/en\/"},{"@type":"ListItem","position":2,"name":"Bio"}]}]}},"_links":{"self":[{"href":"http:\/\/old.jimmyday.com.ve\/en\/wp-json\/wp\/v2\/pages\/346"}],"collection":[{"href":"http:\/\/old.jimmyday.com.ve\/en\/wp-json\/wp\/v2\/pages"}],"about":[{"href":"http:\/\/old.jimmyday.com.ve\/en\/wp-json\/wp\/v2\/types\/page"}],"author":[{"embeddable":true,"href":"http:\/\/old.jimmyday.com.ve\/en\/wp-json\/wp\/v2\/users\/4"}],"replies":[{"embeddable":true,"href":"http:\/\/old.jimmyday.com.ve\/en\/wp-json\/wp\/v2\/comments?post=346"}],"version-history":[{"count":3,"href":"http:\/\/old.jimmyday.com.ve\/en\/wp-json\/wp\/v2\/pages\/346\/revisions"}],"predecessor-version":[{"id":390,"href":"http:\/\/old.jimmyday.com.ve\/en\/wp-json\/wp\/v2\/pages\/346\/revisions\/390"}],"wp:attachment":[{"href":"http:\/\/old.jimmyday.com.ve\/en\/wp-json\/wp\/v2\/media?parent=346"}],"curies":[{"name":"wp","href":"https:\/\/api.w.org\/{rel}","templated":true}]}}