{"id":354,"date":"2015-01-23T18:47:31","date_gmt":"2015-01-23T23:17:31","guid":{"rendered":"http:\/\/old.jimmyday.com.ve\/?page_id=354"},"modified":"2015-01-27T13:09:24","modified_gmt":"2015-01-27T17:39:24","slug":"works","status":"publish","type":"page","link":"https:\/\/old.jimmyday.com.ve\/en\/works\/","title":{"rendered":"Works"},"content":{"rendered":"<p>[et_pb_section fullwidth=&#8221;on&#8221; specialty=&#8221;off&#8221; transparent_background=&#8221;off&#8221; background_color=&#8221;#91b285&#8243; inner_shadow=&#8221;off&#8221; parallax=&#8221;off&#8221; parallax_method=&#8221;off&#8221;][et_pb_fullwidth_header admin_label=&#8221;Fullwidth Header&#8221; background_layout=&#8221;light&#8221; text_orientation=&#8221;left&#8221; module_class=&#8221;header-tit&#8221; title=&#8221;&#8230;This fascinates and absorbs me. More and more I have found that my own private space, my garden, my small Margaritan Giverny a la Monet, bathed in the sensuous light of the Tropics, seduces me and obliges me to paint&#8230;&#8221; \/][\/et_pb_section][et_pb_section][et_pb_row][et_pb_column type=&#8221;4_4&#8243;][et_pb_gallery admin_label=&#8221;Gallery&#8221; fullwidth=&#8221;off&#8221; posts_number=&#8221;12&#8243; show_title_and_caption=&#8221;on&#8221; show_pagination=&#8221;on&#8221; background_layout=&#8221;light&#8221; gallery_ids=&#8221;301,302,303,304,305,306,307,308,314,310,311,312&#8243; \/][\/et_pb_column][\/et_pb_row][\/et_pb_section]<\/p>\n","protected":false},"excerpt":{"rendered":"<p><div class=\"et_pb_section et_pb_section_0 et_section_regular\" >\n\t\t\t\t\n\t\t\t\t\n\t\t\t\t\n\t\t\t\t\n\t\t\t\t\n\t\t\t\t\n\t\t\t\t\n\t\t\t\t\n\t\t\t\t\n\t\t\t<\/div><div class=\"et_pb_row et_pb_row_0 et_pb_row_empty\">\n\t\t\t\t\n\t\t\t\t\n\t\t\t\t\n\t\t\t\t\n\t\t\t\t\n\t\t\t<\/div><\/p>\n","protected":false},"author":4,"featured_media":0,"parent":0,"menu_order":0,"comment_status":"closed","ping_status":"closed","template":"","meta":{"_et_pb_use_builder":"on","_et_pb_old_content":"<p>[et_pb_section fullwidth=\"on\" specialty=\"off\" transparent_background=\"off\" background_color=\"#91b285\" inner_shadow=\"off\" parallax=\"off\" parallax_method=\"off\"][et_pb_fullwidth_header admin_label=\"Fullwidth Header\" background_layout=\"light\" text_orientation=\"left\" module_class=\"header-tit\" title=\"Esto me fascina y me absorbe. M\u00e1s y m\u00e1s he encontrado que mi entorno \u00edntimo, mi propio jard\u00edn, mi peque\u00f1o Giverny margarite\u00f1o a la Monet, ba\u00f1ado en la lujuriosa luz del tr\u00f3pico me seduce y me obliga a pintar.\" \/][\/et_pb_section][et_pb_section][et_pb_row][et_pb_column type=\"4_4\"][et_pb_gallery admin_label=\"Gallery\" fullwidth=\"off\" posts_number=\"12\" show_title_and_caption=\"on\" show_pagination=\"on\" background_layout=\"light\" gallery_ids=\"301,302,303,304,305,306,307,308,314,310,311,312\" \/][\/et_pb_column][\/et_pb_row][\/et_pb_section]<\/p>","_et_gb_content_width":"","_monsterinsights_skip_tracking":false,"_monsterinsights_sitenote_active":false,"_monsterinsights_sitenote_note":"","_monsterinsights_sitenote_category":0},"yoast_head":"<title>Works - Jimmy Day<\/title>\n<meta name=\"description\" content=\"Selected Works of Jimmy Day\" \/>\n<meta name=\"robots\" content=\"index, follow, max-snippet:-1, max-image-preview:large, max-video-preview:-1\" \/>\n<link rel=\"canonical\" href=\"https:\/\/old.jimmyday.com.ve\/en\/works\/\" \/>\n<meta property=\"og:locale\" content=\"en_US\" \/>\n<meta property=\"og:type\" content=\"article\" \/>\n<meta property=\"og:title\" content=\"Works - Jimmy Day\" \/>\n<meta property=\"og:description\" content=\"Selected Works of Jimmy Day\" \/>\n<meta property=\"og:url\" content=\"https:\/\/old.jimmyday.com.ve\/en\/works\/\" \/>\n<meta property=\"og:site_name\" content=\"Jimmy Day\" \/>\n<meta property=\"article:publisher\" content=\"https:\/\/www.facebook.com\/pages\/Jimmy-Day\/236789334116\" \/>\n<meta property=\"article:modified_time\" content=\"2015-01-27T17:39:24+00:00\" \/>\n<meta name=\"twitter:label1\" content=\"Est. reading time\" \/>\n\t<meta name=\"twitter:data1\" content=\"1 minute\" \/>\n<script type=\"application\/ld+json\" class=\"yoast-schema-graph\">{\"@context\":\"https:\/\/schema.org\",\"@graph\":[{\"@type\":\"WebSite\",\"@id\":\"https:\/\/old.jimmyday.com.ve\/#website\",\"url\":\"https:\/\/old.jimmyday.com.ve\/\",\"name\":\"Jimmy Day\",\"description\":\"\",\"potentialAction\":[{\"@type\":\"SearchAction\",\"target\":{\"@type\":\"EntryPoint\",\"urlTemplate\":\"https:\/\/old.jimmyday.com.ve\/?s={search_term_string}\"},\"query-input\":\"required name=search_term_string\"}],\"inLanguage\":\"en-US\"},{\"@type\":\"WebPage\",\"@id\":\"https:\/\/old.jimmyday.com.ve\/en\/works\/#webpage\",\"url\":\"https:\/\/old.jimmyday.com.ve\/en\/works\/\",\"name\":\"Works - Jimmy Day\",\"isPartOf\":{\"@id\":\"https:\/\/old.jimmyday.com.ve\/#website\"},\"datePublished\":\"2015-01-23T23:17:31+00:00\",\"dateModified\":\"2015-01-27T17:39:24+00:00\",\"description\":\"Selected Works of Jimmy Day\",\"breadcrumb\":{\"@id\":\"https:\/\/old.jimmyday.com.ve\/en\/works\/#breadcrumb\"},\"inLanguage\":\"en-US\",\"potentialAction\":[{\"@type\":\"ReadAction\",\"target\":[\"https:\/\/old.jimmyday.com.ve\/en\/works\/\"]}]},{\"@type\":\"BreadcrumbList\",\"@id\":\"https:\/\/old.jimmyday.com.ve\/en\/works\/#breadcrumb\",\"itemListElement\":[{\"@type\":\"ListItem\",\"position\":1,\"name\":\"Portada\",\"item\":\"http:\/\/old.jimmyday.com.ve\/en\/\"},{\"@type\":\"ListItem\",\"position\":2,\"name\":\"Works\"}]}]}<\/script>","yoast_head_json":{"title":"Works - Jimmy Day","description":"Selected Works of Jimmy Day","robots":{"index":"index","follow":"follow","max-snippet":"max-snippet:-1","max-image-preview":"max-image-preview:large","max-video-preview":"max-video-preview:-1"},"canonical":"https:\/\/old.jimmyday.com.ve\/en\/works\/","og_locale":"en_US","og_type":"article","og_title":"Works - Jimmy Day","og_description":"Selected Works of Jimmy Day","og_url":"https:\/\/old.jimmyday.com.ve\/en\/works\/","og_site_name":"Jimmy Day","article_publisher":"https:\/\/www.facebook.com\/pages\/Jimmy-Day\/236789334116","article_modified_time":"2015-01-27T17:39:24+00:00","twitter_misc":{"Est. reading time":"1 minute"},"schema":{"@context":"https:\/\/schema.org","@graph":[{"@type":"WebSite","@id":"https:\/\/old.jimmyday.com.ve\/#website","url":"https:\/\/old.jimmyday.com.ve\/","name":"Jimmy Day","description":"","potentialAction":[{"@type":"SearchAction","target":{"@type":"EntryPoint","urlTemplate":"https:\/\/old.jimmyday.com.ve\/?s={search_term_string}"},"query-input":"required name=search_term_string"}],"inLanguage":"en-US"},{"@type":"WebPage","@id":"https:\/\/old.jimmyday.com.ve\/en\/works\/#webpage","url":"https:\/\/old.jimmyday.com.ve\/en\/works\/","name":"Works - Jimmy Day","isPartOf":{"@id":"https:\/\/old.jimmyday.com.ve\/#website"},"datePublished":"2015-01-23T23:17:31+00:00","dateModified":"2015-01-27T17:39:24+00:00","description":"Selected Works of Jimmy Day","breadcrumb":{"@id":"https:\/\/old.jimmyday.com.ve\/en\/works\/#breadcrumb"},"inLanguage":"en-US","potentialAction":[{"@type":"ReadAction","target":["https:\/\/old.jimmyday.com.ve\/en\/works\/"]}]},{"@type":"BreadcrumbList","@id":"https:\/\/old.jimmyday.com.ve\/en\/works\/#breadcrumb","itemListElement":[{"@type":"ListItem","position":1,"name":"Portada","item":"http:\/\/old.jimmyday.com.ve\/en\/"},{"@type":"ListItem","position":2,"name":"Works"}]}]}},"_links":{"self":[{"href":"https:\/\/old.jimmyday.com.ve\/en\/wp-json\/wp\/v2\/pages\/354"}],"collection":[{"href":"https:\/\/old.jimmyday.com.ve\/en\/wp-json\/wp\/v2\/pages"}],"about":[{"href":"https:\/\/old.jimmyday.com.ve\/en\/wp-json\/wp\/v2\/types\/page"}],"author":[{"embeddable":true,"href":"https:\/\/old.jimmyday.com.ve\/en\/wp-json\/wp\/v2\/users\/4"}],"replies":[{"embeddable":true,"href":"https:\/\/old.jimmyday.com.ve\/en\/wp-json\/wp\/v2\/comments?post=354"}],"version-history":[{"count":1,"href":"https:\/\/old.jimmyday.com.ve\/en\/wp-json\/wp\/v2\/pages\/354\/revisions"}],"predecessor-version":[{"id":355,"href":"https:\/\/old.jimmyday.com.ve\/en\/wp-json\/wp\/v2\/pages\/354\/revisions\/355"}],"wp:attachment":[{"href":"https:\/\/old.jimmyday.com.ve\/en\/wp-json\/wp\/v2\/media?parent=354"}],"curies":[{"name":"wp","href":"https:\/\/api.w.org\/{rel}","templated":true}]}}